{"id":1438,"date":"2019-05-21T16:46:06","date_gmt":"2019-05-21T14:46:06","guid":{"rendered":"https:\/\/www.sy-maya.de\/home\/?page_id=1438"},"modified":"2020-09-27T05:49:50","modified_gmt":"2020-09-27T03:49:50","slug":"najad-34-segelyacht-mit-centercockpit","status":"publish","type":"page","link":"https:\/\/www.sy-maya.de\/home\/najad-34-segelyacht-mit-centercockpit\/","title":{"rendered":"Najad 34 mit Centercockpit"},"content":{"rendered":"\n<h2 class=\"wp-block-heading\">Informationen zur Najad 34 Segelyacht <\/h2>\n\n\n\n<p>Unsere Segelyacht <a href=\"https:\/\/www.sy-maya.de\/home\/ueber-uns\/sy-maya\/\">Maya <\/a>ist eine Najad 34 AK (mit Mittelcockpit und Achterkabine [AK]). Wir haben dieses Boot gekauft, weil es besonders gut zum Blauwassersegeln geeignet ist und eine sehr stabile Bauweise hat.  Die Najad 34 war das erste Modell der schwedischen Werft Najadvarvet AB, die ihren Sitz in Hen\u00e5n auf der Bootsbauinsel Orust hat. Das Boot ist als Sloop mit gem\u00e4\u00dfigtem Langkiel entworfen und es wurde sowohl mit Centercockpit\/Mittelcockpit als auch (seltener) mit Achtercockpit gebaut. Bei der Vatiante mit Achtercockpit gibt es meist nur eine Kabine, daf\u00fcr ist der Salon deutlich gr\u00f6\u00dfer. <\/p>\n\n\n\n<figure class=\"wp-block-image\"><img loading=\"lazy\" decoding=\"async\" width=\"1024\" height=\"841\" src=\"https:\/\/www.sy-maya.de\/home\/wp-content\/uploads\/2019\/05\/Najad_34_Sailingyacht_im_Wasser-1024x841.jpg\" alt=\"Najad 34 AK  in der Marina MIndelo\" class=\"wp-image-1445\" srcset=\"https:\/\/www.sy-maya.de\/home\/wp-content\/uploads\/2019\/05\/Najad_34_Sailingyacht_im_Wasser-1024x841.jpg 1024w, https:\/\/www.sy-maya.de\/home\/wp-content\/uploads\/2019\/05\/Najad_34_Sailingyacht_im_Wasser-300x246.jpg 300w, https:\/\/www.sy-maya.de\/home\/wp-content\/uploads\/2019\/05\/Najad_34_Sailingyacht_im_Wasser-768x630.jpg 768w, https:\/\/www.sy-maya.de\/home\/wp-content\/uploads\/2019\/05\/Najad_34_Sailingyacht_im_Wasser.jpg 1200w\" sizes=\"(max-width: 1024px) 100vw, 1024px\" \/><figcaption>Najad 34 im Hafen Mindelo auf den Kapverdischen Inseln<\/figcaption><\/figure>\n\n\n\n<p>Der Designer Ole Enderlein hat neben der Najad 34 unter anderem auch  die Hallberg-Rassy Klassiker: Mistral, Mistress 32,  Rasmus 35, Monsun 31, 26, 312, 352, 38, 382, 41, 42, 45 49, die Shipman 28 und die Nord 80 entworfen.  Gerade die Rassmus 35, die etwa 7 Jahre vor der Najad 34 entworfen wurde, hat viele \u00c4hnlichkeiten. Man k\u00f6nnte fast sagen, dass die Najad 34 eine Art &#8222;\u00fcberarbeiteter und verbesserter&#8220; Rassmus 35 ist.  <\/p>\n\n\n\n<h3 class=\"wp-block-heading\">Technische Spezifikation Najad 34<\/h3>\n\n\n\n<p>L.O.A. 10,30 m \/ 10,45 m<br>L.W.L.  8,4 m <br>Breite: 3,1 m <br>Tiefgang: 1,6 m <br>Verdr\u00e4ngung: 6 t <br>Ballast: 2,5 t <br>Segelfl\u00e4che: ca. 50 m\u00b2  <br>Originalmotor: Volvo Penta MD-17C mit 36 PS (unser Motor Sol\u00e9 Mini 33)<br>Dieseltank: 150 l <br>Trinkwasser: 220 l <br>Design &amp; Konstruktion: O. Enderlein <br>Produktionsjahre: 1972 &#8211; 1981<\/p>\n\n\n\n<figure class=\"wp-block-image\"><img loading=\"lazy\" decoding=\"async\" width=\"1024\" height=\"532\" src=\"https:\/\/www.sy-maya.de\/home\/wp-content\/uploads\/2019\/05\/Najad_34_Sailingyacht-1024x532.jpg\" alt=\"Segelyacht Najad 34 (Seitenansicht)\" class=\"wp-image-1444\" srcset=\"https:\/\/www.sy-maya.de\/home\/wp-content\/uploads\/2019\/05\/Najad_34_Sailingyacht-1024x532.jpg 1024w, https:\/\/www.sy-maya.de\/home\/wp-content\/uploads\/2019\/05\/Najad_34_Sailingyacht-300x156.jpg 300w, https:\/\/www.sy-maya.de\/home\/wp-content\/uploads\/2019\/05\/Najad_34_Sailingyacht-768x399.jpg 768w, https:\/\/www.sy-maya.de\/home\/wp-content\/uploads\/2019\/05\/Najad_34_Sailingyacht.jpg 1200w\" sizes=\"(max-width: 1024px) 100vw, 1024px\" \/><figcaption>Najad 34 &#8211; Seitenansicht mit Lateralplan<\/figcaption><\/figure>\n\n\n\n<h3 class=\"wp-block-heading\">Unser (Zwischen-) Fazit zu dem Boot<\/h3>\n\n\n\n<p>Als Fazit kann ich vielleicht sagen, dass wir bislang mit dem Boot sehr zufrieden sind und die Segeleigenschaften, auch auf hoher See, sind immer wieder eine Freude. Wir m\u00fcssen allerdings zugeben, dass der &#8222;Wohnkomfort&#8220; im Vergleich zu modernen Booten oder Katamaranen einige Kompromisse verlangt. Trotzdem denken wir, dass dieses Boot zum Einstieg in das Blauwassersegeln ideal ist. <\/p>\n\n\n\n<h4 class=\"wp-block-heading\">Weitere Informationen und Referenzen: <\/h4>\n\n\n\n<p><a href=\"https:\/\/najad.se\/previous-models\/\">https:\/\/najad.se\/previous-models\/<\/a><\/p>\n\n\n\n<p><a href=\"https:\/\/sailboatdata.com\/sailboat\/najad-34\">https:\/\/sailboatdata.com\/sailboat\/najad-34<\/a><\/p>\n\n\n\n<p><a href=\"https:\/\/www.yacht.de\/yacht_tv\/test_technik\/langkieler-gegen-kurzkieler\/a76225.html\">https:\/\/www.yacht.de\/yacht_tv\/test_technik\/langkieler-gegen-kurzkieler\/a76225.html<\/a><\/p>\n\n\n\n<figure class=\"wp-block-embed is-type-link is-provider-monsun-31-info\"><div class=\"wp-block-embed__wrapper\">\n<a href=\"https:\/\/hr31monsun.wordpress.com\/der-konstrukteur-olle-enderlein\/\">Der Konstrukteur: Olle&nbsp;Enderlein<\/a>\n<\/div><\/figure>\n\n\n\n<h4 class=\"wp-block-heading\">Najad Clubs:<\/h4>\n\n\n\n<p><a href=\"https:\/\/www.najadclub.nl\/\">https:\/\/www.najadclub.nl\/<\/a><\/p>\n\n\n\n<a href=\"https:\/\/najad.co.uk\/\">https:\/\/najad.co.uk\/<\/a>\n","protected":false},"excerpt":{"rendered":"<p>Informationen zur Najad 34 Segelyacht Unsere Segelyacht Maya ist eine Najad 34 AK (mit Mittelcockpit und Achterkabine [AK]). Wir haben dieses Boot gekauft, weil es besonders gut zum Blauwassersegeln geeignet [&hellip;]<\/p>\n","protected":false},"author":3,"featured_media":0,"parent":0,"menu_order":0,"comment_status":"open","ping_status":"closed","template":"","meta":{"_exactmetrics_skip_tracking":false,"_exactmetrics_sitenote_active":false,"_exactmetrics_sitenote_note":"","_exactmetrics_sitenote_category":0,"footnotes":""},"yoast_head":"<!-- This site is optimized with the Yoast SEO plugin v23.5 - https:\/\/yoast.com\/wordpress\/plugins\/seo\/ -->\n<title>Segelyacht Najad 34 mit Centercockpit &#8211; SY-Maya.de<\/title>\n<meta name=\"description\" content=\"Najad 34 Segelyacht. Technische Informationen und unsere Erfahrungen mit dem Boot. Das Segelboot wurde von Ole Enderlein entworfen und in Schweden gebaut.\" \/>\n<meta name=\"robots\" content=\"index, follow, max-snippet:-1, max-image-preview:large, max-video-preview:-1\" \/>\n<link rel=\"canonical\" href=\"https:\/\/www.sy-maya.de\/home\/najad-34-segelyacht-mit-centercockpit\/\" \/>\n<meta property=\"og:locale\" content=\"de_DE\" \/>\n<meta property=\"og:type\" content=\"article\" \/>\n<meta property=\"og:title\" content=\"Segelyacht Najad 34 mit Centercockpit &#8211; SY-Maya.de\" \/>\n<meta property=\"og:description\" content=\"Najad 34 Segelyacht. Technische Informationen und unsere Erfahrungen mit dem Boot. Das Segelboot wurde von Ole Enderlein entworfen und in Schweden gebaut.\" \/>\n<meta property=\"og:url\" content=\"https:\/\/www.sy-maya.de\/home\/najad-34-segelyacht-mit-centercockpit\/\" \/>\n<meta property=\"og:site_name\" content=\"SY-Maya.de\" \/>\n<meta property=\"article:modified_time\" content=\"2020-09-27T03:49:50+00:00\" \/>\n<meta property=\"og:image\" content=\"https:\/\/www.sy-maya.de\/home\/wp-content\/uploads\/2019\/05\/Najad_34_Sailingyacht_im_Wasser-1024x841.jpg\" \/>\n<meta name=\"twitter:card\" content=\"summary_large_image\" \/>\n<meta name=\"twitter:label1\" content=\"Gesch\u00e4tzte Lesezeit\" \/>\n\t<meta name=\"twitter:data1\" content=\"2\u00a0Minuten\" \/>\n<script type=\"application\/ld+json\" class=\"yoast-schema-graph\">{\"@context\":\"https:\/\/schema.org\",\"@graph\":[{\"@type\":\"WebPage\",\"@id\":\"https:\/\/www.sy-maya.de\/home\/najad-34-segelyacht-mit-centercockpit\/\",\"url\":\"https:\/\/www.sy-maya.de\/home\/najad-34-segelyacht-mit-centercockpit\/\",\"name\":\"Segelyacht Najad 34 mit Centercockpit &#8211; SY-Maya.de\",\"isPartOf\":{\"@id\":\"https:\/\/www.sy-maya.de\/home\/#website\"},\"primaryImageOfPage\":{\"@id\":\"https:\/\/www.sy-maya.de\/home\/najad-34-segelyacht-mit-centercockpit\/#primaryimage\"},\"image\":{\"@id\":\"https:\/\/www.sy-maya.de\/home\/najad-34-segelyacht-mit-centercockpit\/#primaryimage\"},\"thumbnailUrl\":\"https:\/\/www.sy-maya.de\/home\/wp-content\/uploads\/2019\/05\/Najad_34_Sailingyacht_im_Wasser-1024x841.jpg\",\"datePublished\":\"2019-05-21T14:46:06+00:00\",\"dateModified\":\"2020-09-27T03:49:50+00:00\",\"description\":\"Najad 34 Segelyacht. Technische Informationen und unsere Erfahrungen mit dem Boot. Das Segelboot wurde von Ole Enderlein entworfen und in Schweden gebaut.\",\"breadcrumb\":{\"@id\":\"https:\/\/www.sy-maya.de\/home\/najad-34-segelyacht-mit-centercockpit\/#breadcrumb\"},\"inLanguage\":\"de\",\"potentialAction\":[{\"@type\":\"ReadAction\",\"target\":[\"https:\/\/www.sy-maya.de\/home\/najad-34-segelyacht-mit-centercockpit\/\"]}]},{\"@type\":\"ImageObject\",\"inLanguage\":\"de\",\"@id\":\"https:\/\/www.sy-maya.de\/home\/najad-34-segelyacht-mit-centercockpit\/#primaryimage\",\"url\":\"https:\/\/www.sy-maya.de\/home\/wp-content\/uploads\/2019\/05\/Najad_34_Sailingyacht_im_Wasser.jpg\",\"contentUrl\":\"https:\/\/www.sy-maya.de\/home\/wp-content\/uploads\/2019\/05\/Najad_34_Sailingyacht_im_Wasser.jpg\",\"width\":1200,\"height\":985},{\"@type\":\"BreadcrumbList\",\"@id\":\"https:\/\/www.sy-maya.de\/home\/najad-34-segelyacht-mit-centercockpit\/#breadcrumb\",\"itemListElement\":[{\"@type\":\"ListItem\",\"position\":1,\"name\":\"Startseite\",\"item\":\"https:\/\/www.sy-maya.de\/home\/\"},{\"@type\":\"ListItem\",\"position\":2,\"name\":\"Najad 34 mit Centercockpit\"}]},{\"@type\":\"WebSite\",\"@id\":\"https:\/\/www.sy-maya.de\/home\/#website\",\"url\":\"https:\/\/www.sy-maya.de\/home\/\",\"name\":\"SY-Maya.de\",\"description\":\"Cruising and Living\",\"publisher\":{\"@id\":\"https:\/\/www.sy-maya.de\/home\/#\/schema\/person\/c5267d9235b4e39503e75a219168c270\"},\"potentialAction\":[{\"@type\":\"SearchAction\",\"target\":{\"@type\":\"EntryPoint\",\"urlTemplate\":\"https:\/\/www.sy-maya.de\/home\/?s={search_term_string}\"},\"query-input\":{\"@type\":\"PropertyValueSpecification\",\"valueRequired\":true,\"valueName\":\"search_term_string\"}}],\"inLanguage\":\"de\"},{\"@type\":[\"Person\",\"Organization\"],\"@id\":\"https:\/\/www.sy-maya.de\/home\/#\/schema\/person\/c5267d9235b4e39503e75a219168c270\",\"name\":\"Tobias\",\"image\":{\"@type\":\"ImageObject\",\"inLanguage\":\"de\",\"@id\":\"https:\/\/www.sy-maya.de\/home\/#\/schema\/person\/image\/\",\"url\":\"https:\/\/www.sy-maya.de\/home\/wp-content\/uploads\/2018\/02\/cropped-SY-Maya150x150-1.png\",\"contentUrl\":\"https:\/\/www.sy-maya.de\/home\/wp-content\/uploads\/2018\/02\/cropped-SY-Maya150x150-1.png\",\"width\":150,\"height\":150,\"caption\":\"Tobias\"},\"logo\":{\"@id\":\"https:\/\/www.sy-maya.de\/home\/#\/schema\/person\/image\/\"}}]}<\/script>\n<!-- \/ Yoast SEO plugin. -->","yoast_head_json":{"title":"Segelyacht Najad 34 mit Centercockpit &#8211; SY-Maya.de","description":"Najad 34 Segelyacht. Technische Informationen und unsere Erfahrungen mit dem Boot. Das Segelboot wurde von Ole Enderlein entworfen und in Schweden gebaut.","robots":{"index":"index","follow":"follow","max-snippet":"max-snippet:-1","max-image-preview":"max-image-preview:large","max-video-preview":"max-video-preview:-1"},"canonical":"https:\/\/www.sy-maya.de\/home\/najad-34-segelyacht-mit-centercockpit\/","og_locale":"de_DE","og_type":"article","og_title":"Segelyacht Najad 34 mit Centercockpit &#8211; SY-Maya.de","og_description":"Najad 34 Segelyacht. Technische Informationen und unsere Erfahrungen mit dem Boot. Das Segelboot wurde von Ole Enderlein entworfen und in Schweden gebaut.","og_url":"https:\/\/www.sy-maya.de\/home\/najad-34-segelyacht-mit-centercockpit\/","og_site_name":"SY-Maya.de","article_modified_time":"2020-09-27T03:49:50+00:00","og_image":[{"url":"https:\/\/www.sy-maya.de\/home\/wp-content\/uploads\/2019\/05\/Najad_34_Sailingyacht_im_Wasser-1024x841.jpg"}],"twitter_card":"summary_large_image","twitter_misc":{"Gesch\u00e4tzte Lesezeit":"2\u00a0Minuten"},"schema":{"@context":"https:\/\/schema.org","@graph":[{"@type":"WebPage","@id":"https:\/\/www.sy-maya.de\/home\/najad-34-segelyacht-mit-centercockpit\/","url":"https:\/\/www.sy-maya.de\/home\/najad-34-segelyacht-mit-centercockpit\/","name":"Segelyacht Najad 34 mit Centercockpit &#8211; SY-Maya.de","isPartOf":{"@id":"https:\/\/www.sy-maya.de\/home\/#website"},"primaryImageOfPage":{"@id":"https:\/\/www.sy-maya.de\/home\/najad-34-segelyacht-mit-centercockpit\/#primaryimage"},"image":{"@id":"https:\/\/www.sy-maya.de\/home\/najad-34-segelyacht-mit-centercockpit\/#primaryimage"},"thumbnailUrl":"https:\/\/www.sy-maya.de\/home\/wp-content\/uploads\/2019\/05\/Najad_34_Sailingyacht_im_Wasser-1024x841.jpg","datePublished":"2019-05-21T14:46:06+00:00","dateModified":"2020-09-27T03:49:50+00:00","description":"Najad 34 Segelyacht. Technische Informationen und unsere Erfahrungen mit dem Boot. Das Segelboot wurde von Ole Enderlein entworfen und in Schweden gebaut.","breadcrumb":{"@id":"https:\/\/www.sy-maya.de\/home\/najad-34-segelyacht-mit-centercockpit\/#breadcrumb"},"inLanguage":"de","potentialAction":[{"@type":"ReadAction","target":["https:\/\/www.sy-maya.de\/home\/najad-34-segelyacht-mit-centercockpit\/"]}]},{"@type":"ImageObject","inLanguage":"de","@id":"https:\/\/www.sy-maya.de\/home\/najad-34-segelyacht-mit-centercockpit\/#primaryimage","url":"https:\/\/www.sy-maya.de\/home\/wp-content\/uploads\/2019\/05\/Najad_34_Sailingyacht_im_Wasser.jpg","contentUrl":"https:\/\/www.sy-maya.de\/home\/wp-content\/uploads\/2019\/05\/Najad_34_Sailingyacht_im_Wasser.jpg","width":1200,"height":985},{"@type":"BreadcrumbList","@id":"https:\/\/www.sy-maya.de\/home\/najad-34-segelyacht-mit-centercockpit\/#breadcrumb","itemListElement":[{"@type":"ListItem","position":1,"name":"Startseite","item":"https:\/\/www.sy-maya.de\/home\/"},{"@type":"ListItem","position":2,"name":"Najad 34 mit Centercockpit"}]},{"@type":"WebSite","@id":"https:\/\/www.sy-maya.de\/home\/#website","url":"https:\/\/www.sy-maya.de\/home\/","name":"SY-Maya.de","description":"Cruising and Living","publisher":{"@id":"https:\/\/www.sy-maya.de\/home\/#\/schema\/person\/c5267d9235b4e39503e75a219168c270"},"potentialAction":[{"@type":"SearchAction","target":{"@type":"EntryPoint","urlTemplate":"https:\/\/www.sy-maya.de\/home\/?s={search_term_string}"},"query-input":{"@type":"PropertyValueSpecification","valueRequired":true,"valueName":"search_term_string"}}],"inLanguage":"de"},{"@type":["Person","Organization"],"@id":"https:\/\/www.sy-maya.de\/home\/#\/schema\/person\/c5267d9235b4e39503e75a219168c270","name":"Tobias","image":{"@type":"ImageObject","inLanguage":"de","@id":"https:\/\/www.sy-maya.de\/home\/#\/schema\/person\/image\/","url":"https:\/\/www.sy-maya.de\/home\/wp-content\/uploads\/2018\/02\/cropped-SY-Maya150x150-1.png","contentUrl":"https:\/\/www.sy-maya.de\/home\/wp-content\/uploads\/2018\/02\/cropped-SY-Maya150x150-1.png","width":150,"height":150,"caption":"Tobias"},"logo":{"@id":"https:\/\/www.sy-maya.de\/home\/#\/schema\/person\/image\/"}}]}},"_links":{"self":[{"href":"https:\/\/www.sy-maya.de\/home\/wp-json\/wp\/v2\/pages\/1438"}],"collection":[{"href":"https:\/\/www.sy-maya.de\/home\/wp-json\/wp\/v2\/pages"}],"about":[{"href":"https:\/\/www.sy-maya.de\/home\/wp-json\/wp\/v2\/types\/page"}],"author":[{"embeddable":true,"href":"https:\/\/www.sy-maya.de\/home\/wp-json\/wp\/v2\/users\/3"}],"replies":[{"embeddable":true,"href":"https:\/\/www.sy-maya.de\/home\/wp-json\/wp\/v2\/comments?post=1438"}],"version-history":[{"count":9,"href":"https:\/\/www.sy-maya.de\/home\/wp-json\/wp\/v2\/pages\/1438\/revisions"}],"predecessor-version":[{"id":3043,"href":"https:\/\/www.sy-maya.de\/home\/wp-json\/wp\/v2\/pages\/1438\/revisions\/3043"}],"wp:attachment":[{"href":"https:\/\/www.sy-maya.de\/home\/wp-json\/wp\/v2\/media?parent=1438"}],"curies":[{"name":"wp","href":"https:\/\/api.w.org\/{rel}","templated":true}]}}