{"id":161,"date":"2018-01-22T15:06:34","date_gmt":"2018-01-22T14:06:34","guid":{"rendered":"http:\/\/sy-maya.de\/home\/?page_id=161"},"modified":"2021-04-14T06:39:28","modified_gmt":"2021-04-14T04:39:28","slug":"sy-maya","status":"publish","type":"page","link":"https:\/\/www.sy-maya.de\/home\/ueber-uns\/sy-maya\/","title":{"rendered":"SY Maya"},"content":{"rendered":"<h3>SY Maya<\/h3>\n<p><img loading=\"lazy\" decoding=\"async\" class=\"alignnone size-medium wp-image-162\" src=\"http:\/\/sy-maya.de\/home\/wp-content\/uploads\/2018\/01\/IMG_9126-e1516629929921-300x225.jpg\" alt=\"\" width=\"300\" height=\"225\" srcset=\"https:\/\/www.sy-maya.de\/home\/wp-content\/uploads\/2018\/01\/IMG_9126-e1516629929921-300x225.jpg 300w, https:\/\/www.sy-maya.de\/home\/wp-content\/uploads\/2018\/01\/IMG_9126-e1516629929921-768x577.jpg 768w, https:\/\/www.sy-maya.de\/home\/wp-content\/uploads\/2018\/01\/IMG_9126-e1516629929921-1024x769.jpg 1024w\" sizes=\"(max-width: 300px) 100vw, 300px\" \/><\/p>\n<p>Meine <strong>Maya<\/strong> ist eine<a href=\"https:\/\/www.sy-maya.de\/home\/najad-34-segelyacht-mit-centercockpit\/\"> Najad 34<\/a> mit Centercockpit und wurde mit der Baunummer 76 auf der Bootsbauinsel Orust in Schweden gebaut.<\/p>\n<p>Ich habe das Boot in D\u00e4nemark gekauft, in die Niederlande (nach Lemmer) \u00fcberf\u00fchrt und dort ein umfangreiches Refit durchgef\u00fchrt. Dabei haben wir unter anderem folgende Upgrades vorgenommen:<\/p>\n<ul>\n<li>Installation eines Ger\u00e4tertr\u00e4gers mit Solarzellen und Windgenerator f\u00fcr unabh\u00e4ngige Stromversorgung.<\/li>\n<li>Einen neuen Motor installiert (Sol\u00e9 Diesel Mini 33).<\/li>\n<li>Die Navigationselektronik erneuert (u.a. AIS, NMEA2000 Bus, B&amp;G Zeus, Echolot).<\/li>\n<li>Mit einer Ankerwinsch und Rocna-Anker mit 80m Kette ausger\u00fcstet.<\/li>\n<li>Windfahnensteuerung (Windpilot Pacific) vorbereitet.<\/li>\n<li>Zus\u00e4tzliche Ausr\u00fcstung f\u00fcr Hochseesegeln angeschafft (z.B. EPIRB, Rettungsinsel, Starkwindsegel).<\/li>\n<li>und viele andere Kleinigkeiten (z.B. Cockpitdusche, Schwalbennester, LED Lichter, Wassertank, Matratzen, Nasszelle).<\/li>\n<\/ul>\n","protected":false},"excerpt":{"rendered":"<p>SY Maya Meine Maya ist eine Najad 34 mit Centercockpit und wurde mit der Baunummer 76 auf der Bootsbauinsel Orust in Schweden gebaut. Ich habe das Boot in D\u00e4nemark gekauft, [&hellip;]<\/p>\n","protected":false},"author":2,"featured_media":0,"parent":48,"menu_order":1,"comment_status":"closed","ping_status":"closed","template":"","meta":{"_exactmetrics_skip_tracking":false,"_exactmetrics_sitenote_active":false,"_exactmetrics_sitenote_note":"","_exactmetrics_sitenote_category":0,"footnotes":""},"yoast_head":"<!-- This site is optimized with the Yoast SEO plugin v23.5 - https:\/\/yoast.com\/wordpress\/plugins\/seo\/ -->\n<title>SY Maya Segelyacht Maya &#8211; - SY-Maya.de Najad 34 mit Centercockpit<\/title>\n<meta name=\"description\" content=\"SY-Maya.de &#8211; Unsere Segelyacht Maya ist eine Najad 34 mit Centercockpit. Die Yacht ist vollst\u00e4ndig ausgestattet zum blauwasser Fahrtensegeln. Segeln\" \/>\n<meta name=\"robots\" content=\"index, follow, max-snippet:-1, max-image-preview:large, max-video-preview:-1\" \/>\n<link rel=\"canonical\" href=\"https:\/\/www.sy-maya.de\/home\/ueber-uns\/sy-maya\/\" \/>\n<meta property=\"og:locale\" content=\"de_DE\" \/>\n<meta property=\"og:type\" content=\"article\" \/>\n<meta property=\"og:title\" content=\"SY Maya Segelyacht Maya &#8211; - SY-Maya.de Najad 34 mit Centercockpit\" \/>\n<meta property=\"og:description\" content=\"SY-Maya.de &#8211; Unsere Segelyacht Maya ist eine Najad 34 mit Centercockpit. Die Yacht ist vollst\u00e4ndig ausgestattet zum blauwasser Fahrtensegeln. Segeln\" \/>\n<meta property=\"og:url\" content=\"https:\/\/www.sy-maya.de\/home\/ueber-uns\/sy-maya\/\" \/>\n<meta property=\"og:site_name\" content=\"SY-Maya.de\" \/>\n<meta property=\"article:modified_time\" content=\"2021-04-14T04:39:28+00:00\" \/>\n<meta property=\"og:image\" content=\"http:\/\/sy-maya.de\/home\/wp-content\/uploads\/2018\/01\/IMG_9126-e1516629929921-300x225.jpg\" \/>\n<meta name=\"twitter:card\" content=\"summary_large_image\" \/>\n<meta name=\"twitter:label1\" content=\"Gesch\u00e4tzte Lesezeit\" \/>\n\t<meta name=\"twitter:data1\" content=\"1\u00a0Minute\" \/>\n<script type=\"application\/ld+json\" class=\"yoast-schema-graph\">{\"@context\":\"https:\/\/schema.org\",\"@graph\":[{\"@type\":\"WebPage\",\"@id\":\"https:\/\/www.sy-maya.de\/home\/ueber-uns\/sy-maya\/\",\"url\":\"https:\/\/www.sy-maya.de\/home\/ueber-uns\/sy-maya\/\",\"name\":\"SY Maya Segelyacht Maya &#8211; - SY-Maya.de Najad 34 mit Centercockpit\",\"isPartOf\":{\"@id\":\"https:\/\/www.sy-maya.de\/home\/#website\"},\"primaryImageOfPage\":{\"@id\":\"https:\/\/www.sy-maya.de\/home\/ueber-uns\/sy-maya\/#primaryimage\"},\"image\":{\"@id\":\"https:\/\/www.sy-maya.de\/home\/ueber-uns\/sy-maya\/#primaryimage\"},\"thumbnailUrl\":\"http:\/\/sy-maya.de\/home\/wp-content\/uploads\/2018\/01\/IMG_9126-e1516629929921-300x225.jpg\",\"datePublished\":\"2018-01-22T14:06:34+00:00\",\"dateModified\":\"2021-04-14T04:39:28+00:00\",\"description\":\"SY-Maya.de &#8211; Unsere Segelyacht Maya ist eine Najad 34 mit Centercockpit. Die Yacht ist vollst\u00e4ndig ausgestattet zum blauwasser Fahrtensegeln. Segeln\",\"breadcrumb\":{\"@id\":\"https:\/\/www.sy-maya.de\/home\/ueber-uns\/sy-maya\/#breadcrumb\"},\"inLanguage\":\"de\",\"potentialAction\":[{\"@type\":\"ReadAction\",\"target\":[\"https:\/\/www.sy-maya.de\/home\/ueber-uns\/sy-maya\/\"]}]},{\"@type\":\"ImageObject\",\"inLanguage\":\"de\",\"@id\":\"https:\/\/www.sy-maya.de\/home\/ueber-uns\/sy-maya\/#primaryimage\",\"url\":\"http:\/\/sy-maya.de\/home\/wp-content\/uploads\/2018\/01\/IMG_9126-e1516629929921-300x225.jpg\",\"contentUrl\":\"http:\/\/sy-maya.de\/home\/wp-content\/uploads\/2018\/01\/IMG_9126-e1516629929921-300x225.jpg\"},{\"@type\":\"BreadcrumbList\",\"@id\":\"https:\/\/www.sy-maya.de\/home\/ueber-uns\/sy-maya\/#breadcrumb\",\"itemListElement\":[{\"@type\":\"ListItem\",\"position\":1,\"name\":\"Startseite\",\"item\":\"https:\/\/www.sy-maya.de\/home\/\"},{\"@type\":\"ListItem\",\"position\":2,\"name\":\"\u00dcber mich\",\"item\":\"https:\/\/www.sy-maya.de\/home\/ueber-uns\/\"},{\"@type\":\"ListItem\",\"position\":3,\"name\":\"SY Maya\"}]},{\"@type\":\"WebSite\",\"@id\":\"https:\/\/www.sy-maya.de\/home\/#website\",\"url\":\"https:\/\/www.sy-maya.de\/home\/\",\"name\":\"SY-Maya.de\",\"description\":\"Cruising and Living\",\"publisher\":{\"@id\":\"https:\/\/www.sy-maya.de\/home\/#\/schema\/person\/c5267d9235b4e39503e75a219168c270\"},\"potentialAction\":[{\"@type\":\"SearchAction\",\"target\":{\"@type\":\"EntryPoint\",\"urlTemplate\":\"https:\/\/www.sy-maya.de\/home\/?s={search_term_string}\"},\"query-input\":{\"@type\":\"PropertyValueSpecification\",\"valueRequired\":true,\"valueName\":\"search_term_string\"}}],\"inLanguage\":\"de\"},{\"@type\":[\"Person\",\"Organization\"],\"@id\":\"https:\/\/www.sy-maya.de\/home\/#\/schema\/person\/c5267d9235b4e39503e75a219168c270\",\"name\":\"Tobias\",\"image\":{\"@type\":\"ImageObject\",\"inLanguage\":\"de\",\"@id\":\"https:\/\/www.sy-maya.de\/home\/#\/schema\/person\/image\/\",\"url\":\"https:\/\/www.sy-maya.de\/home\/wp-content\/uploads\/2018\/02\/cropped-SY-Maya150x150-1.png\",\"contentUrl\":\"https:\/\/www.sy-maya.de\/home\/wp-content\/uploads\/2018\/02\/cropped-SY-Maya150x150-1.png\",\"width\":150,\"height\":150,\"caption\":\"Tobias\"},\"logo\":{\"@id\":\"https:\/\/www.sy-maya.de\/home\/#\/schema\/person\/image\/\"}}]}<\/script>\n<!-- \/ Yoast SEO plugin. -->","yoast_head_json":{"title":"SY Maya Segelyacht Maya &#8211; - SY-Maya.de Najad 34 mit Centercockpit","description":"SY-Maya.de &#8211; Unsere Segelyacht Maya ist eine Najad 34 mit Centercockpit. Die Yacht ist vollst\u00e4ndig ausgestattet zum blauwasser Fahrtensegeln. Segeln","robots":{"index":"index","follow":"follow","max-snippet":"max-snippet:-1","max-image-preview":"max-image-preview:large","max-video-preview":"max-video-preview:-1"},"canonical":"https:\/\/www.sy-maya.de\/home\/ueber-uns\/sy-maya\/","og_locale":"de_DE","og_type":"article","og_title":"SY Maya Segelyacht Maya &#8211; - SY-Maya.de Najad 34 mit Centercockpit","og_description":"SY-Maya.de &#8211; Unsere Segelyacht Maya ist eine Najad 34 mit Centercockpit. Die Yacht ist vollst\u00e4ndig ausgestattet zum blauwasser Fahrtensegeln. Segeln","og_url":"https:\/\/www.sy-maya.de\/home\/ueber-uns\/sy-maya\/","og_site_name":"SY-Maya.de","article_modified_time":"2021-04-14T04:39:28+00:00","og_image":[{"url":"http:\/\/sy-maya.de\/home\/wp-content\/uploads\/2018\/01\/IMG_9126-e1516629929921-300x225.jpg"}],"twitter_card":"summary_large_image","twitter_misc":{"Gesch\u00e4tzte Lesezeit":"1\u00a0Minute"},"schema":{"@context":"https:\/\/schema.org","@graph":[{"@type":"WebPage","@id":"https:\/\/www.sy-maya.de\/home\/ueber-uns\/sy-maya\/","url":"https:\/\/www.sy-maya.de\/home\/ueber-uns\/sy-maya\/","name":"SY Maya Segelyacht Maya &#8211; - SY-Maya.de Najad 34 mit Centercockpit","isPartOf":{"@id":"https:\/\/www.sy-maya.de\/home\/#website"},"primaryImageOfPage":{"@id":"https:\/\/www.sy-maya.de\/home\/ueber-uns\/sy-maya\/#primaryimage"},"image":{"@id":"https:\/\/www.sy-maya.de\/home\/ueber-uns\/sy-maya\/#primaryimage"},"thumbnailUrl":"http:\/\/sy-maya.de\/home\/wp-content\/uploads\/2018\/01\/IMG_9126-e1516629929921-300x225.jpg","datePublished":"2018-01-22T14:06:34+00:00","dateModified":"2021-04-14T04:39:28+00:00","description":"SY-Maya.de &#8211; Unsere Segelyacht Maya ist eine Najad 34 mit Centercockpit. Die Yacht ist vollst\u00e4ndig ausgestattet zum blauwasser Fahrtensegeln. Segeln","breadcrumb":{"@id":"https:\/\/www.sy-maya.de\/home\/ueber-uns\/sy-maya\/#breadcrumb"},"inLanguage":"de","potentialAction":[{"@type":"ReadAction","target":["https:\/\/www.sy-maya.de\/home\/ueber-uns\/sy-maya\/"]}]},{"@type":"ImageObject","inLanguage":"de","@id":"https:\/\/www.sy-maya.de\/home\/ueber-uns\/sy-maya\/#primaryimage","url":"http:\/\/sy-maya.de\/home\/wp-content\/uploads\/2018\/01\/IMG_9126-e1516629929921-300x225.jpg","contentUrl":"http:\/\/sy-maya.de\/home\/wp-content\/uploads\/2018\/01\/IMG_9126-e1516629929921-300x225.jpg"},{"@type":"BreadcrumbList","@id":"https:\/\/www.sy-maya.de\/home\/ueber-uns\/sy-maya\/#breadcrumb","itemListElement":[{"@type":"ListItem","position":1,"name":"Startseite","item":"https:\/\/www.sy-maya.de\/home\/"},{"@type":"ListItem","position":2,"name":"\u00dcber mich","item":"https:\/\/www.sy-maya.de\/home\/ueber-uns\/"},{"@type":"ListItem","position":3,"name":"SY Maya"}]},{"@type":"WebSite","@id":"https:\/\/www.sy-maya.de\/home\/#website","url":"https:\/\/www.sy-maya.de\/home\/","name":"SY-Maya.de","description":"Cruising and Living","publisher":{"@id":"https:\/\/www.sy-maya.de\/home\/#\/schema\/person\/c5267d9235b4e39503e75a219168c270"},"potentialAction":[{"@type":"SearchAction","target":{"@type":"EntryPoint","urlTemplate":"https:\/\/www.sy-maya.de\/home\/?s={search_term_string}"},"query-input":{"@type":"PropertyValueSpecification","valueRequired":true,"valueName":"search_term_string"}}],"inLanguage":"de"},{"@type":["Person","Organization"],"@id":"https:\/\/www.sy-maya.de\/home\/#\/schema\/person\/c5267d9235b4e39503e75a219168c270","name":"Tobias","image":{"@type":"ImageObject","inLanguage":"de","@id":"https:\/\/www.sy-maya.de\/home\/#\/schema\/person\/image\/","url":"https:\/\/www.sy-maya.de\/home\/wp-content\/uploads\/2018\/02\/cropped-SY-Maya150x150-1.png","contentUrl":"https:\/\/www.sy-maya.de\/home\/wp-content\/uploads\/2018\/02\/cropped-SY-Maya150x150-1.png","width":150,"height":150,"caption":"Tobias"},"logo":{"@id":"https:\/\/www.sy-maya.de\/home\/#\/schema\/person\/image\/"}}]}},"_links":{"self":[{"href":"https:\/\/www.sy-maya.de\/home\/wp-json\/wp\/v2\/pages\/161"}],"collection":[{"href":"https:\/\/www.sy-maya.de\/home\/wp-json\/wp\/v2\/pages"}],"about":[{"href":"https:\/\/www.sy-maya.de\/home\/wp-json\/wp\/v2\/types\/page"}],"author":[{"embeddable":true,"href":"https:\/\/www.sy-maya.de\/home\/wp-json\/wp\/v2\/users\/2"}],"replies":[{"embeddable":true,"href":"https:\/\/www.sy-maya.de\/home\/wp-json\/wp\/v2\/comments?post=161"}],"version-history":[{"count":10,"href":"https:\/\/www.sy-maya.de\/home\/wp-json\/wp\/v2\/pages\/161\/revisions"}],"predecessor-version":[{"id":3518,"href":"https:\/\/www.sy-maya.de\/home\/wp-json\/wp\/v2\/pages\/161\/revisions\/3518"}],"up":[{"embeddable":true,"href":"https:\/\/www.sy-maya.de\/home\/wp-json\/wp\/v2\/pages\/48"}],"wp:attachment":[{"href":"https:\/\/www.sy-maya.de\/home\/wp-json\/wp\/v2\/media?parent=161"}],"curies":[{"name":"wp","href":"https:\/\/api.w.org\/{rel}","templated":true}]}}